{"id":301,"date":"2021-08-09T23:51:21","date_gmt":"2021-08-09T20:51:21","guid":{"rendered":"http:\/\/airlife\/?page_id=301"},"modified":"2021-11-12T17:29:52","modified_gmt":"2021-11-12T14:29:52","slug":"legal-notice","status":"publish","type":"page","link":"https:\/\/airlife.swiss\/fr\/legal-notice\/","title":{"rendered":"Mention l\u00e9gale"},"content":{"rendered":"<p><strong>Informations conform\u00e9ment<br \/>\n<\/strong>Airlife Swiss AG<br \/>\nSarganserstrasse 44<br \/>\n8880 Walenstadt<br \/>\nSuisse<\/p>\n<p>Registre du Commerce : CHE-111.705.134<br \/>\nTribunal d&#8217;enregistrement : Walenstadt, St Gall, Suisse<br \/>\nRepr\u00e9sent\u00e9 par : Roland Bartholet<\/p>\n<p><strong>Contact<br \/>\n<\/strong>T\u00e9l\u00e9phone\u00a0: <a href=\"tel:+41445087543\">+41 44 508 75 43<\/a><br \/>\nE-mail\u00a0: <a href=\"mailto:info@airlife.swiss\">info@airlife.swiss<\/a><\/p>\n<h3>Conception Web<\/h3>\n<p>Studio Risch AG, Flums, Suisse<br \/>\n<a href=\"http:\/\/www.studiorisch.ch\" target=\"_blank\" rel=\"noopener\">www.studiorisch.ch<\/a>&lt; \/p&gt;<\/p>\n<h3>D\u00e9veloppement et h\u00e9bergement Web<\/h3>\n<p>walsermedia Inc., Buchs SG, Suisse<br \/>\n<a href=\"http:\/\/www.walsermedia.com\" target=\"_blank\" rel=\"noopener\">www.walsermedia.com<\/a><\/p>\n<h3>Responsabilit\u00e9 pour le contenu<\/h3>\n<p>En tant que prestataires de services, nous sommes responsables du propre contenu de ces sites Web. Cependant, les fournisseurs de services ne sont pas oblig\u00e9s de surveiller en permanence les informations soumises ou stock\u00e9es ou de rechercher des preuves indiquant des activit\u00e9s ill\u00e9gales.<\/p>\n<p>Les obligations l\u00e9gales de supprimer des informations ou de bloquer l&#8217;utilisation des informations restent incontest\u00e9es. Dans ce cas, la responsabilit\u00e9 n&#8217;est possible qu&#8217;au moment de la connaissance d&#8217;une violation sp\u00e9cifique de la loi. Les contenus ill\u00e9gaux seront supprim\u00e9s imm\u00e9diatement au moment o\u00f9 nous en aurons connaissance.<\/p>\n<h3>Responsabilit\u00e9 pour les liens<\/h3>\n<p>Notre offre comprend des liens vers des sites Web tiers externes. Nous n&#8217;avons aucune influence sur le contenu de ces sites Web, nous ne pouvons donc pas garantir ce contenu. Les fournisseurs ou administrateurs de sites Web li\u00e9s sont toujours responsables de leur propre contenu.<\/p>\n<p>Les sites Web li\u00e9s ont \u00e9t\u00e9 v\u00e9rifi\u00e9s pour d&#8217;\u00e9ventuelles violations de la loi au moment de l&#8217;\u00e9tablissement du lien. Les contenus ill\u00e9gaux n&#8217;ont pas \u00e9t\u00e9 d\u00e9tect\u00e9s au moment de la liaison. Une surveillance permanente du contenu des sites Web li\u00e9s ne peut \u00eatre impos\u00e9e sans indication raisonnable qu&#8217;il y a eu violation de la loi. Les liens ill\u00e9gaux seront supprim\u00e9s imm\u00e9diatement au moment o\u00f9 nous en aurons connaissance.<\/p>\n<h3>Droits d&#8217;auteur<\/h3>\n<p>Les contenus et compilations publi\u00e9s sur ces sites Web par les fournisseurs sont soumis aux lois suisses sur le droit d&#8217;auteur. La reproduction, l&#8217;\u00e9dition, la distribution ainsi que l&#8217;utilisation de toute sorte en dehors du champ d&#8217;application de la loi sur le droit d&#8217;auteur n\u00e9cessitent une autorisation \u00e9crite de l&#8217;auteur ou de l&#8217;auteur. Les t\u00e9l\u00e9chargements et les copies de ces sites Web sont autoris\u00e9s pour un usage priv\u00e9 uniquement.<br \/>\nL&#8217;utilisation commerciale de nos contenus sans l&#8217;autorisation de l&#8217;auteur est interdite.<\/p>\n<p>Les lois sur les droits d&#8217;auteur de tiers sont respect\u00e9es tant que le contenu de ces sites Web ne provient pas du fournisseur. Les contributions de tiers sur ce site sont indiqu\u00e9es comme telles. Cependant, si vous constatez des violations de la loi sur le droit d&#8217;auteur, veuillez nous en informer. Ces contenus seront supprim\u00e9s imm\u00e9diatement.<\/p>\n","protected":false},"excerpt":{"rendered":"<p>Informations conform\u00e9ment Airlife Swiss AG Sarganserstrasse 44 8880 Walenstadt Suisse Registre du Commerce : CHE-111.705.134 Tribunal d&#8217;enregistrement : Walenstadt, St Gall, Suisse Repr\u00e9sent\u00e9 par : Roland Bartholet Contact T\u00e9l\u00e9phone\u00a0: +41 44 508 75 43 E-mail\u00a0: info@airlife.swiss Conception Web Studio Risch AG, Flums, Suisse www.studiorisch.ch&lt; \/p&gt; D\u00e9veloppement et h\u00e9bergement Web walsermedia Inc., Buchs SG, Suisse www.walsermedia.com Responsabilit\u00e9 pour le contenu En tant que prestataires de services, [&hellip;]<\/p>\n","protected":false},"author":1,"featured_media":0,"parent":0,"menu_order":0,"comment_status":"closed","ping_status":"closed","template":"template-page.php","meta":{"footnotes":""},"class_list":["post-301","page","type-page","status-publish","hentry"],"translation":{"provider":"WPGlobus","version":"2.8.1","language":"fr","enabled_languages":["en","de","fr","it"],"languages":{"en":{"title":true,"content":true,"excerpt":false},"de":{"title":true,"content":true,"excerpt":false},"fr":{"title":true,"content":true,"excerpt":false},"it":{"title":true,"content":true,"excerpt":false}}},"yoast_head":"<!-- This site is optimized with the Yoast SEO plugin v18.1 - https:\/\/yoast.com\/wordpress\/plugins\/seo\/ -->\n<title>Mention l\u00e9gale - AIRLIFE<\/title>\n<meta name=\"robots\" content=\"index, follow, max-snippet:-1, max-image-preview:large, max-video-preview:-1\" \/>\n<link rel=\"canonical\" href=\"https:\/\/airlife.swiss\/fr\/legal-notice\/\" \/>\n<meta property=\"og:locale\" content=\"fr_FR\" \/>\n<meta property=\"og:type\" content=\"article\" \/>\n<meta property=\"og:title\" content=\"Mention l\u00e9gale - AIRLIFE\" \/>\n<meta property=\"og:url\" content=\"https:\/\/airlife.swiss\/fr\/legal-notice\/\" \/>\n<meta property=\"og:site_name\" content=\"AIRLIFE\" \/>\n<meta property=\"article:modified_time\" content=\"2021-11-12T14:29:52+00:00\" \/>\n<meta name=\"twitter:card\" content=\"summary_large_image\" \/>\n<meta name=\"twitter:label1\" content=\"Est. reading time\" \/>\n\t<meta name=\"twitter:data1\" content=\"8 minutes\" \/>\n<script type=\"application\/ld+json\" class=\"yoast-schema-graph\">{\"@context\":\"https:\/\/schema.org\",\"@graph\":[{\"@type\":\"WebSite\",\"@id\":\"https:\/\/airlife.swiss\/#website\",\"url\":\"https:\/\/airlife.swiss\/\",\"name\":\"AIRLIFE\",\"description\":\"AIRLIFE\",\"inLanguage\":\"fr-FR\"},{\"@type\":\"WebPage\",\"@id\":\"https:\/\/airlife.swiss\/fr\/legal-notice\/#webpage\",\"url\":\"https:\/\/airlife.swiss\/fr\/legal-notice\/\",\"name\":\"Mention l\u00e9gale - AIRLIFE\",\"isPartOf\":{\"@id\":\"https:\/\/airlife.swiss\/#website\"},\"datePublished\":\"2021-08-09T20:51:21+00:00\",\"dateModified\":\"2021-11-12T14:29:52+00:00\",\"breadcrumb\":{\"@id\":\"https:\/\/airlife.swiss\/fr\/legal-notice\/#breadcrumb\"},\"inLanguage\":\"fr-FR\",\"potentialAction\":[{\"@type\":\"ReadAction\",\"target\":[\"https:\/\/airlife.swiss\/fr\/legal-notice\/\"]}]},{\"@type\":\"BreadcrumbList\",\"@id\":\"https:\/\/airlife.swiss\/fr\/legal-notice\/#breadcrumb\",\"itemListElement\":[{\"@type\":\"ListItem\",\"position\":1,\"name\":\"\u0413\u043b\u0430\u0432\u043d\u0430\u044f \u0441\u0442\u0440\u0430\u043d\u0438\u0446\u0430\",\"item\":\"https:\/\/airlife.swiss\/\"},{\"@type\":\"ListItem\",\"position\":2,\"name\":\"Mention l\u00e9gale\"}]}]}<\/script>\n<!-- \/ Yoast SEO plugin. -->","yoast_head_json":{"title":"Mention l\u00e9gale - AIRLIFE","robots":{"index":"index","follow":"follow","max-snippet":"max-snippet:-1","max-image-preview":"max-image-preview:large","max-video-preview":"max-video-preview:-1"},"canonical":"https:\/\/airlife.swiss\/fr\/legal-notice\/","og_locale":"fr_FR","og_type":"article","og_title":"Mention l\u00e9gale - AIRLIFE","og_url":"https:\/\/airlife.swiss\/fr\/legal-notice\/","og_site_name":"AIRLIFE","article_modified_time":"2021-11-12T14:29:52+00:00","twitter_card":"summary_large_image","twitter_misc":{"Est. reading time":"8 minutes"},"schema":{"@context":"https:\/\/schema.org","@graph":[{"@type":"WebSite","@id":"https:\/\/airlife.swiss\/#website","url":"https:\/\/airlife.swiss\/","name":"AIRLIFE","description":"AIRLIFE","inLanguage":"fr-FR"},{"@type":"WebPage","@id":"https:\/\/airlife.swiss\/fr\/legal-notice\/#webpage","url":"https:\/\/airlife.swiss\/fr\/legal-notice\/","name":"Mention l\u00e9gale - AIRLIFE","isPartOf":{"@id":"https:\/\/airlife.swiss\/#website"},"datePublished":"2021-08-09T20:51:21+00:00","dateModified":"2021-11-12T14:29:52+00:00","breadcrumb":{"@id":"https:\/\/airlife.swiss\/fr\/legal-notice\/#breadcrumb"},"inLanguage":"fr-FR","potentialAction":[{"@type":"ReadAction","target":["https:\/\/airlife.swiss\/fr\/legal-notice\/"]}]},{"@type":"BreadcrumbList","@id":"https:\/\/airlife.swiss\/fr\/legal-notice\/#breadcrumb","itemListElement":[{"@type":"ListItem","position":1,"name":"\u0413\u043b\u0430\u0432\u043d\u0430\u044f \u0441\u0442\u0440\u0430\u043d\u0438\u0446\u0430","item":"https:\/\/airlife.swiss\/"},{"@type":"ListItem","position":2,"name":"Mention l\u00e9gale"}]}]}},"_links":{"self":[{"href":"https:\/\/airlife.swiss\/fr\/wp-json\/wp\/v2\/pages\/301","targetHints":{"allow":["GET"]}}],"collection":[{"href":"https:\/\/airlife.swiss\/fr\/wp-json\/wp\/v2\/pages"}],"about":[{"href":"https:\/\/airlife.swiss\/fr\/wp-json\/wp\/v2\/types\/page"}],"author":[{"embeddable":true,"href":"https:\/\/airlife.swiss\/fr\/wp-json\/wp\/v2\/users\/1"}],"replies":[{"embeddable":true,"href":"https:\/\/airlife.swiss\/fr\/wp-json\/wp\/v2\/comments?post=301"}],"version-history":[{"count":10,"href":"https:\/\/airlife.swiss\/fr\/wp-json\/wp\/v2\/pages\/301\/revisions"}],"predecessor-version":[{"id":755,"href":"https:\/\/airlife.swiss\/fr\/wp-json\/wp\/v2\/pages\/301\/revisions\/755"}],"wp:attachment":[{"href":"https:\/\/airlife.swiss\/fr\/wp-json\/wp\/v2\/media?parent=301"}],"curies":[{"name":"wp","href":"https:\/\/api.w.org\/{rel}","templated":true}]}}