{"id":294,"date":"2021-08-09T23:41:06","date_gmt":"2021-08-09T20:41:06","guid":{"rendered":"http:\/\/airlife\/?page_id=294"},"modified":"2022-06-03T10:28:10","modified_gmt":"2022-06-03T07:28:10","slug":"privacy-policy","status":"publish","type":"page","link":"https:\/\/airlife.swiss\/fr\/privacy-policy\/","title":{"rendered":"Politique de confidentialit\u00e9"},"content":{"rendered":"<h3>1. Un aper\u00e7u de la protection des donn\u00e9es<\/h3>\n<h4>Informations g\u00e9n\u00e9rales<\/h4>\n<p>Les informations suivantes vous fourniront un aper\u00e7u facile \u00e0 parcourir de ce qu&#8217;il adviendra de vos donn\u00e9es personnelles lorsque vous visitez ce site Web. Le terme \u00ab\u00a0donn\u00e9es personnelles\u00a0\u00bb comprend toutes les donn\u00e9es qui peuvent \u00eatre utilis\u00e9es pour vous identifier personnellement. Pour des informations d\u00e9taill\u00e9es sur le sujet de la protection des donn\u00e9es, veuillez consulter notre d\u00e9claration de protection des donn\u00e9es, que nous avons incluse sous cette copie.<\/p>\n<h4>Enregistrement des donn\u00e9es sur ce site Web<\/h4>\n<p><strong>Qui est la partie responsable de l&#8217;enregistrement des donn\u00e9es sur ce site Web (c&#8217;est-\u00e0-dire le \u00ab\u00a0contr\u00f4leur\u00a0\u00bb)\u00a0?<br \/>\n<\/strong>Les donn\u00e9es sur ce site Web sont trait\u00e9es par l&#8217;op\u00e9rateur du site Web, dont les coordonn\u00e9es sont disponibles dans la section \u00ab\u00a0Informations sur la partie responsable (appel\u00e9e \u00ab\u00a0responsable du traitement\u00a0\u00bb dans le RGPD)\u00a0\u00bb dans la pr\u00e9sente politique de confidentialit\u00e9.<\/p>\n<p><strong>Comment enregistrons-nous vos donn\u00e9es\u00a0?<br \/>\n<\/strong>Nous collectons vos donn\u00e9es \u00e0 la suite de votre partage de vos donn\u00e9es avec nous. Il peut s&#8217;agir, par exemple, d&#8217;informations que vous saisissez dans notre formulaire de contact.<\/p>\n<p>D&#8217;autres donn\u00e9es seront enregistr\u00e9es par nos syst\u00e8mes informatiques automatiquement ou apr\u00e8s que vous ayez consenti \u00e0 leur enregistrement lors de votre visite sur le site Web. Ces donn\u00e9es comprennent principalement des informations techniques (par exemple, navigateur Web, syst\u00e8me d&#8217;exploitation ou heure d&#8217;acc\u00e8s au site). Ces informations sont enregistr\u00e9es automatiquement lorsque vous acc\u00e9dez \u00e0 ce site.<\/p>\n<p><strong>\u00c0 quelles fins utilisons-nous vos donn\u00e9es\u00a0?<br \/>\n<\/strong>Une partie des informations est g\u00e9n\u00e9r\u00e9e pour garantir la mise \u00e0 disposition sans erreur du site Web. D&#8217;autres donn\u00e9es peuvent \u00eatre utilis\u00e9es pour analyser vos habitudes d&#8217;utilisation.<\/p>\n<p><strong>Quels droits avez-vous en ce qui concerne vos informations\u00a0?<br \/>\n<\/strong>Vous avez le droit de recevoir des informations sur la source, les destinataires et les finalit\u00e9s de vos donn\u00e9es personnelles archiv\u00e9es \u00e0 tout moment sans avoir \u00e0 payer de frais pour de telles divulgations. Vous avez \u00e9galement le droit d&#8217;exiger que vos donn\u00e9es soient rectifi\u00e9es ou supprim\u00e9es. Si vous avez consenti au traitement des donn\u00e9es, vous avez la possibilit\u00e9 de r\u00e9voquer ce consentement \u00e0 tout moment, ce qui affectera tout traitement futur des donn\u00e9es. De plus, vous avez le droit d&#8217;exiger que le traitement de vos donn\u00e9es soit limit\u00e9 dans certaines circonstances. De plus, vous avez le droit de d\u00e9poser une plainte aupr\u00e8s de l&#8217;organisme de contr\u00f4le comp\u00e9tent.<\/p>\n<p>N&#8217;h\u00e9sitez pas \u00e0 nous contacter \u00e0 tout moment si vous avez des questions \u00e0 ce sujet ou sur tout autre probl\u00e8me li\u00e9 \u00e0 la protection des donn\u00e9es.<\/p>\n<h4>Outils d&#8217;analyse et outils fournis par des tiers<\/h4>\n<p>Il est possible que vos habitudes de navigation soient analys\u00e9es statistiquement lors de votre visite sur ce site Web. De telles analyses sont effectu\u00e9es principalement avec ce que nous appelons des programmes d&#8217;analyse.<\/p>\n<p>Pour des informations d\u00e9taill\u00e9es sur ces programmes d&#8217;analyse, veuillez consulter notre d\u00e9claration de protection des donn\u00e9es ci-dessous.<\/p>\n<h3>2. R\u00e9seaux d&#8217;h\u00e9bergement et de diffusion de contenu (CDN)<\/h3>\n<h4>H\u00e9bergement externe<\/h4>\n<p>Ce site Web est h\u00e9berg\u00e9 par un fournisseur de services externe (h\u00e9bergeur). Les donn\u00e9es personnelles collect\u00e9es sur ce site sont stock\u00e9es sur les serveurs de l&#8217;h\u00e9bergeur. Ceux-ci peuvent inclure, mais sans s&#8217;y limiter, les adresses IP, les demandes de contact, les m\u00e9tadonn\u00e9es et les communications, les informations de contrat, les informations de contact, les noms, l&#8217;acc\u00e8s aux pages Web et d&#8217;autres donn\u00e9es g\u00e9n\u00e9r\u00e9es via un site Web.<\/p>\n<p>L&#8217;h\u00e9bergeur est utilis\u00e9 dans le but de remplir le contrat avec nos clients potentiels et existants (art. 6, paragraphe 1, lit. b GDPR) et dans l&#8217;int\u00e9r\u00eat d&#8217;une fourniture s\u00fbre, rapide et efficace de nos services en ligne par un prestataire professionnel (art. 6 al. 1 lit. f RGPD).<\/p>\n<p>Notre h\u00e9bergeur ne traitera vos donn\u00e9es que dans la mesure n\u00e9cessaire pour remplir ses obligations de performance et pour suivre nos instructions concernant ces donn\u00e9es.<\/p>\n<p>Nous utilisons l&#8217;h\u00e9bergeur suivant\u00a0:<\/p>\n<p>walsermedia Inc.<br \/>\nBahnhofstrasse 7<br \/>\n9470 Buchs SG<br \/>\nSuisse<\/p>\n<h3>3. Informations g\u00e9n\u00e9rales et informations obligatoires<\/h3>\n<h4>Protection des donn\u00e9es<\/h4>\n<p>Les exploitants de ce site Web et de ses pages prennent tr\u00e8s au s\u00e9rieux la protection de vos donn\u00e9es personnelles. Par cons\u00e9quent, nous traitons vos donn\u00e9es personnelles en tant qu&#8217;informations confidentielles et conform\u00e9ment aux r\u00e9glementations l\u00e9gales en mati\u00e8re de protection des donn\u00e9es et \u00e0 la pr\u00e9sente d\u00e9claration de protection des donn\u00e9es.<\/p>\n<p>Chaque fois que vous utilisez ce site Web, diverses informations personnelles sont collect\u00e9es. Les donn\u00e9es personnelles comprennent les donn\u00e9es qui peuvent \u00eatre utilis\u00e9es pour vous identifier personnellement. Cette d\u00e9claration de protection des donn\u00e9es explique quelles donn\u00e9es nous collectons ainsi que les finalit\u00e9s pour lesquelles nous utilisons ces donn\u00e9es. Il explique \u00e9galement comment et dans quel but les informations sont collect\u00e9es.<\/p>\n<p>Nous vous informons par la pr\u00e9sente que la transmission de donn\u00e9es via Internet (c&#8217;est-\u00e0-dire via des communications par e-mail) peut \u00eatre sujette \u00e0 des failles de s\u00e9curit\u00e9. Il n&#8217;est pas possible de prot\u00e9ger compl\u00e8tement les donn\u00e9es contre l&#8217;acc\u00e8s de tiers.<\/p>\n<h4>Informations sur la partie responsable (appel\u00e9e \u00ab\u00a0responsable du traitement\u00a0\u00bb dans le RGPD)<\/h4>\n<p>Le responsable du traitement des donn\u00e9es sur ce site Web est\u00a0:<\/p>\n<p>Airlife Swiss AG<br \/>\nSarganserstrasse 44<br \/>\n8880 Walenstadt&lt;b<\/p>\n","protected":false},"excerpt":{"rendered":"<p>1. Un aper\u00e7u de la protection des donn\u00e9es Informations g\u00e9n\u00e9rales Les informations suivantes vous fourniront un aper\u00e7u facile \u00e0 parcourir de ce qu&#8217;il adviendra de vos donn\u00e9es personnelles lorsque vous visitez ce site Web. Le terme \u00ab\u00a0donn\u00e9es personnelles\u00a0\u00bb comprend toutes les donn\u00e9es qui peuvent \u00eatre utilis\u00e9es pour vous identifier personnellement. Pour des informations d\u00e9taill\u00e9es sur le sujet de la protection des donn\u00e9es, veuillez consulter notre [&hellip;]<\/p>\n","protected":false},"author":1,"featured_media":0,"parent":0,"menu_order":0,"comment_status":"closed","ping_status":"closed","template":"template-page.php","meta":{"footnotes":""},"class_list":["post-294","page","type-page","status-publish","hentry"],"translation":{"provider":"WPGlobus","version":"2.8.1","language":"fr","enabled_languages":["en","de","fr","it"],"languages":{"en":{"title":true,"content":true,"excerpt":false},"de":{"title":true,"content":true,"excerpt":false},"fr":{"title":true,"content":true,"excerpt":false},"it":{"title":true,"content":true,"excerpt":false}}},"yoast_head":"<!-- This site is optimized with the Yoast SEO plugin v18.1 - https:\/\/yoast.com\/wordpress\/plugins\/seo\/ -->\n<title>Politique de confidentialit\u00e9 - AIRLIFE<\/title>\n<meta name=\"robots\" content=\"index, follow, max-snippet:-1, max-image-preview:large, max-video-preview:-1\" \/>\n<link rel=\"canonical\" href=\"https:\/\/airlife.swiss\/it\/privacy-policy\/\" \/>\n<meta property=\"og:locale\" content=\"fr_FR\" \/>\n<meta property=\"og:type\" content=\"article\" \/>\n<meta property=\"og:title\" content=\"Politique de confidentialit\u00e9 - AIRLIFE\" \/>\n<meta property=\"og:url\" content=\"https:\/\/airlife.swiss\/it\/privacy-policy\/\" \/>\n<meta property=\"og:site_name\" content=\"AIRLIFE\" \/>\n<meta property=\"article:modified_time\" content=\"2022-06-03T07:28:10+00:00\" \/>\n<meta name=\"twitter:card\" content=\"summary_large_image\" \/>\n<meta name=\"twitter:label1\" content=\"Est. reading time\" \/>\n\t<meta name=\"twitter:data1\" content=\"13 minutes\" \/>\n<script type=\"application\/ld+json\" class=\"yoast-schema-graph\">{\"@context\":\"https:\/\/schema.org\",\"@graph\":[{\"@type\":\"WebSite\",\"@id\":\"https:\/\/airlife.swiss\/#website\",\"url\":\"https:\/\/airlife.swiss\/\",\"name\":\"AIRLIFE\",\"description\":\"AIRLIFE\",\"inLanguage\":\"fr-FR\"},{\"@type\":\"WebPage\",\"@id\":\"https:\/\/airlife.swiss\/it\/privacy-policy\/#webpage\",\"url\":\"https:\/\/airlife.swiss\/it\/privacy-policy\/\",\"name\":\"Politique de confidentialit\u00e9 - AIRLIFE\",\"isPartOf\":{\"@id\":\"https:\/\/airlife.swiss\/#website\"},\"datePublished\":\"2021-08-09T20:41:06+00:00\",\"dateModified\":\"2022-06-03T07:28:10+00:00\",\"breadcrumb\":{\"@id\":\"https:\/\/airlife.swiss\/it\/privacy-policy\/#breadcrumb\"},\"inLanguage\":\"fr-FR\",\"potentialAction\":[{\"@type\":\"ReadAction\",\"target\":[\"https:\/\/airlife.swiss\/it\/privacy-policy\/\"]}]},{\"@type\":\"BreadcrumbList\",\"@id\":\"https:\/\/airlife.swiss\/it\/privacy-policy\/#breadcrumb\",\"itemListElement\":[{\"@type\":\"ListItem\",\"position\":1,\"name\":\"\u0413\u043b\u0430\u0432\u043d\u0430\u044f \u0441\u0442\u0440\u0430\u043d\u0438\u0446\u0430\",\"item\":\"https:\/\/airlife.swiss\/\"},{\"@type\":\"ListItem\",\"position\":2,\"name\":\"Politica sulla riservatezza\"}]}]}<\/script>\n<!-- \/ Yoast SEO plugin. -->","yoast_head_json":{"title":"Politique de confidentialit\u00e9 - AIRLIFE","robots":{"index":"index","follow":"follow","max-snippet":"max-snippet:-1","max-image-preview":"max-image-preview:large","max-video-preview":"max-video-preview:-1"},"canonical":"https:\/\/airlife.swiss\/it\/privacy-policy\/","og_locale":"fr_FR","og_type":"article","og_title":"Politique de confidentialit\u00e9 - AIRLIFE","og_url":"https:\/\/airlife.swiss\/it\/privacy-policy\/","og_site_name":"AIRLIFE","article_modified_time":"2022-06-03T07:28:10+00:00","twitter_card":"summary_large_image","twitter_misc":{"Est. reading time":"13 minutes"},"schema":{"@context":"https:\/\/schema.org","@graph":[{"@type":"WebSite","@id":"https:\/\/airlife.swiss\/#website","url":"https:\/\/airlife.swiss\/","name":"AIRLIFE","description":"AIRLIFE","inLanguage":"fr-FR"},{"@type":"WebPage","@id":"https:\/\/airlife.swiss\/it\/privacy-policy\/#webpage","url":"https:\/\/airlife.swiss\/it\/privacy-policy\/","name":"Politique de confidentialit\u00e9 - AIRLIFE","isPartOf":{"@id":"https:\/\/airlife.swiss\/#website"},"datePublished":"2021-08-09T20:41:06+00:00","dateModified":"2022-06-03T07:28:10+00:00","breadcrumb":{"@id":"https:\/\/airlife.swiss\/it\/privacy-policy\/#breadcrumb"},"inLanguage":"fr-FR","potentialAction":[{"@type":"ReadAction","target":["https:\/\/airlife.swiss\/it\/privacy-policy\/"]}]},{"@type":"BreadcrumbList","@id":"https:\/\/airlife.swiss\/it\/privacy-policy\/#breadcrumb","itemListElement":[{"@type":"ListItem","position":1,"name":"\u0413\u043b\u0430\u0432\u043d\u0430\u044f \u0441\u0442\u0440\u0430\u043d\u0438\u0446\u0430","item":"https:\/\/airlife.swiss\/"},{"@type":"ListItem","position":2,"name":"Politica sulla riservatezza"}]}]}},"_links":{"self":[{"href":"https:\/\/airlife.swiss\/fr\/wp-json\/wp\/v2\/pages\/294","targetHints":{"allow":["GET"]}}],"collection":[{"href":"https:\/\/airlife.swiss\/fr\/wp-json\/wp\/v2\/pages"}],"about":[{"href":"https:\/\/airlife.swiss\/fr\/wp-json\/wp\/v2\/types\/page"}],"author":[{"embeddable":true,"href":"https:\/\/airlife.swiss\/fr\/wp-json\/wp\/v2\/users\/1"}],"replies":[{"embeddable":true,"href":"https:\/\/airlife.swiss\/fr\/wp-json\/wp\/v2\/comments?post=294"}],"version-history":[{"count":15,"href":"https:\/\/airlife.swiss\/fr\/wp-json\/wp\/v2\/pages\/294\/revisions"}],"predecessor-version":[{"id":797,"href":"https:\/\/airlife.swiss\/fr\/wp-json\/wp\/v2\/pages\/294\/revisions\/797"}],"wp:attachment":[{"href":"https:\/\/airlife.swiss\/fr\/wp-json\/wp\/v2\/media?parent=294"}],"curies":[{"name":"wp","href":"https:\/\/api.w.org\/{rel}","templated":true}]}}