{"id":301,"date":"2021-08-09T23:51:21","date_gmt":"2021-08-09T20:51:21","guid":{"rendered":"http:\/\/airlife\/?page_id=301"},"modified":"2021-11-12T17:29:52","modified_gmt":"2021-11-12T14:29:52","slug":"legal-notice","status":"publish","type":"page","link":"https:\/\/airlife.swiss\/de\/legal-notice\/","title":{"rendered":"Rechtliche Hinweise"},"content":{"rendered":"<p>Wir freuen uns, dass Sie unsere Website unter der\/den Domain\/s [airlife.swiss] besuchen und sich hier \u00fcber unsere Produkte und Leistungen informieren. Bitte beachten Sie in diesem Zusammenhang folgendes:<\/p>\n<p>Wir stellen die Website f\u00fcr eine erste, allgemeine Information \u00fcber Produkte und Dienstleistungen zur Verf\u00fcgung, die wir im Allgemeinen anbieten. Sie enth\u00e4lt keine verbindlichen Angebote, keine Zusicherungen \u00fcber die Verf\u00fcgbarkeit solcher Produkte und Dienstleistungen, Konditionen, und insbesondere keine Zusicherungen bestimmter technischer oder allgemeiner Eigenschaften. Wir \u00fcbernehmen keine Gew\u00e4hr f\u00fcr die jederzeitige Aktualit\u00e4t und Vollst\u00e4ndigkeit der Angaben auf der Website, und m\u00fcssen rechtliche Haftung f\u00fcr deren Richtigkeit und Vollst\u00e4ndigkeit ablehnen. Bei Interesse bitten wir Sie, mit uns Kontakt aufzunehmen; wir stehen Ihnen gerne mit den gew\u00fcnschten Ausk\u00fcnften und Erl\u00e4uterungen zur Verf\u00fcgung.<\/p>\n<p>Mit Verweisen und Links auf Angebote und Informationen Dritter und generell auf andere Domains \u00fcbernehmen wir keine Gew\u00e4hr f\u00fcr dort zug\u00e4ngliche Informationen und Angaben, machen uns diese nicht zu eigen, und lehnen rechtliche Haftung f\u00fcr diese ab.<\/p>\n<p>Angaben, die Sie uns \u00fcber die Eingabemaske f\u00fcr Anfragen oder \u00fcber die angebotenen Kommunikationskan\u00e4le (wie E-Mail oder Telefon) machen, m\u00fcssen zutreffen, d\u00fcrfen kein Recht verletzen und nicht dazu geeignet sein, den Betrieb oder die Sicherheit unserer Website und der damit verkn\u00fcpften Angebote zu beeintr\u00e4chtigen. Wir behalten uns f\u00fcr, die Urheber widerrechtlicher, den Betrieb st\u00f6render oder t\u00e4uschender Angaben rechtlich zur Verantwortung zu ziehen.<\/p>\n<p>Die Darstellungen, Bild- und Filminhalte und Texte, die wir Ihnen gern pr\u00e4sentieren, sind unser geistiges Eigentum. Sie k\u00f6nnen ganz und in Teilen urheberrechtlich gesch\u00fctzt sein; Namen, Insignien und Logos sowie der Domainname k\u00f6nnen kennzeichenrechtlichen Schutz geniessen, und die Darstellungen k\u00f6nnen Informationen \u00fcber Technologien und Verfahren enthalten, f\u00fcr die wir Patentschutz beanspruchen. An s\u00e4mtlichem geistigen Eigentum behalten wir uns die ausschliesslichen Rechte vor. Diese Darstellungen und Informationen sind allein zur Information der Besucher unserer Website bestimmt. Sie d\u00fcrfen nicht ohne unsere Einwilligung kopiert, und insbesondere nicht in irgendeiner Weise \u00f6ffentlich verwendet, etwa weiterverbreitet oder online oder in Intranets zug\u00e4nglich gemacht werden. Wir behalten uns auch die Zustimmung zur Verlinkung auf Inhalte unserer Website in jeder Form vor (einschliesslich sogenannter In-Frame-Verlinkung in fremde kommerzielle Angebote).<\/p>\n<p>Sollten Sie beim Besuch unserer Website Informationen oder Angaben beanstanden, wenden Sie sich bitte mit ausreichenden Hinweisen an uns.<\/p>\n","protected":false},"excerpt":{"rendered":"<p>Wir freuen uns, dass Sie unsere Website unter der\/den Domain\/s [airlife.swiss] besuchen und sich hier \u00fcber unsere Produkte und Leistungen informieren. Bitte beachten Sie in diesem Zusammenhang folgendes: Wir stellen die Website f\u00fcr eine erste, allgemeine Information \u00fcber Produkte und Dienstleistungen zur Verf\u00fcgung, die wir im Allgemeinen anbieten. Sie enth\u00e4lt keine verbindlichen Angebote, keine Zusicherungen \u00fcber die Verf\u00fcgbarkeit solcher Produkte und Dienstleistungen, Konditionen, und insbesondere [&hellip;]<\/p>\n","protected":false},"author":1,"featured_media":0,"parent":0,"menu_order":0,"comment_status":"closed","ping_status":"closed","template":"template-page.php","meta":{"footnotes":""},"class_list":["post-301","page","type-page","status-publish","hentry"],"translation":{"provider":"WPGlobus","version":"2.8.1","language":"de","enabled_languages":["en","de","fr","it"],"languages":{"en":{"title":true,"content":true,"excerpt":false},"de":{"title":true,"content":true,"excerpt":false},"fr":{"title":true,"content":true,"excerpt":false},"it":{"title":true,"content":true,"excerpt":false}}},"yoast_head":"<!-- This site is optimized with the Yoast SEO plugin v18.1 - https:\/\/yoast.com\/wordpress\/plugins\/seo\/ -->\n<title>Rechtliche Hinweise - AIRLIFE<\/title>\n<meta name=\"robots\" content=\"index, follow, max-snippet:-1, max-image-preview:large, max-video-preview:-1\" \/>\n<link rel=\"canonical\" href=\"https:\/\/airlife.swiss\/fr\/legal-notice\/\" \/>\n<meta property=\"og:locale\" content=\"de_DE\" \/>\n<meta property=\"og:type\" content=\"article\" \/>\n<meta property=\"og:title\" content=\"Rechtliche Hinweise - AIRLIFE\" \/>\n<meta property=\"og:url\" content=\"https:\/\/airlife.swiss\/fr\/legal-notice\/\" \/>\n<meta property=\"og:site_name\" content=\"AIRLIFE\" \/>\n<meta property=\"article:modified_time\" content=\"2021-11-12T14:29:52+00:00\" \/>\n<meta name=\"twitter:card\" content=\"summary_large_image\" \/>\n<meta name=\"twitter:label1\" content=\"Gesch\u00e4tzte Lesezeit\" \/>\n\t<meta name=\"twitter:data1\" content=\"8\u00a0Minuten\" \/>\n<script type=\"application\/ld+json\" class=\"yoast-schema-graph\">{\"@context\":\"https:\/\/schema.org\",\"@graph\":[{\"@type\":\"WebSite\",\"@id\":\"https:\/\/airlife.swiss\/#website\",\"url\":\"https:\/\/airlife.swiss\/\",\"name\":\"AIRLIFE\",\"description\":\"AIRLIFE\",\"inLanguage\":\"de\"},{\"@type\":\"WebPage\",\"@id\":\"https:\/\/airlife.swiss\/fr\/legal-notice\/#webpage\",\"url\":\"https:\/\/airlife.swiss\/fr\/legal-notice\/\",\"name\":\"Rechtliche Hinweise - AIRLIFE\",\"isPartOf\":{\"@id\":\"https:\/\/airlife.swiss\/#website\"},\"datePublished\":\"2021-08-09T20:51:21+00:00\",\"dateModified\":\"2021-11-12T14:29:52+00:00\",\"breadcrumb\":{\"@id\":\"https:\/\/airlife.swiss\/fr\/legal-notice\/#breadcrumb\"},\"inLanguage\":\"de\",\"potentialAction\":[{\"@type\":\"ReadAction\",\"target\":[\"https:\/\/airlife.swiss\/fr\/legal-notice\/\"]}]},{\"@type\":\"BreadcrumbList\",\"@id\":\"https:\/\/airlife.swiss\/fr\/legal-notice\/#breadcrumb\",\"itemListElement\":[{\"@type\":\"ListItem\",\"position\":1,\"name\":\"\u0413\u043b\u0430\u0432\u043d\u0430\u044f \u0441\u0442\u0440\u0430\u043d\u0438\u0446\u0430\",\"item\":\"https:\/\/airlife.swiss\/\"},{\"@type\":\"ListItem\",\"position\":2,\"name\":\"Mention l\u00e9gale\"}]}]}<\/script>\n<!-- \/ Yoast SEO plugin. -->","yoast_head_json":{"title":"Rechtliche Hinweise - AIRLIFE","robots":{"index":"index","follow":"follow","max-snippet":"max-snippet:-1","max-image-preview":"max-image-preview:large","max-video-preview":"max-video-preview:-1"},"canonical":"https:\/\/airlife.swiss\/fr\/legal-notice\/","og_locale":"de_DE","og_type":"article","og_title":"Rechtliche Hinweise - AIRLIFE","og_url":"https:\/\/airlife.swiss\/fr\/legal-notice\/","og_site_name":"AIRLIFE","article_modified_time":"2021-11-12T14:29:52+00:00","twitter_card":"summary_large_image","twitter_misc":{"Gesch\u00e4tzte Lesezeit":"8\u00a0Minuten"},"schema":{"@context":"https:\/\/schema.org","@graph":[{"@type":"WebSite","@id":"https:\/\/airlife.swiss\/#website","url":"https:\/\/airlife.swiss\/","name":"AIRLIFE","description":"AIRLIFE","inLanguage":"de"},{"@type":"WebPage","@id":"https:\/\/airlife.swiss\/fr\/legal-notice\/#webpage","url":"https:\/\/airlife.swiss\/fr\/legal-notice\/","name":"Rechtliche Hinweise - AIRLIFE","isPartOf":{"@id":"https:\/\/airlife.swiss\/#website"},"datePublished":"2021-08-09T20:51:21+00:00","dateModified":"2021-11-12T14:29:52+00:00","breadcrumb":{"@id":"https:\/\/airlife.swiss\/fr\/legal-notice\/#breadcrumb"},"inLanguage":"de","potentialAction":[{"@type":"ReadAction","target":["https:\/\/airlife.swiss\/fr\/legal-notice\/"]}]},{"@type":"BreadcrumbList","@id":"https:\/\/airlife.swiss\/fr\/legal-notice\/#breadcrumb","itemListElement":[{"@type":"ListItem","position":1,"name":"\u0413\u043b\u0430\u0432\u043d\u0430\u044f \u0441\u0442\u0440\u0430\u043d\u0438\u0446\u0430","item":"https:\/\/airlife.swiss\/"},{"@type":"ListItem","position":2,"name":"Mention l\u00e9gale"}]}]}},"_links":{"self":[{"href":"https:\/\/airlife.swiss\/de\/wp-json\/wp\/v2\/pages\/301","targetHints":{"allow":["GET"]}}],"collection":[{"href":"https:\/\/airlife.swiss\/de\/wp-json\/wp\/v2\/pages"}],"about":[{"href":"https:\/\/airlife.swiss\/de\/wp-json\/wp\/v2\/types\/page"}],"author":[{"embeddable":true,"href":"https:\/\/airlife.swiss\/de\/wp-json\/wp\/v2\/users\/1"}],"replies":[{"embeddable":true,"href":"https:\/\/airlife.swiss\/de\/wp-json\/wp\/v2\/comments?post=301"}],"version-history":[{"count":10,"href":"https:\/\/airlife.swiss\/de\/wp-json\/wp\/v2\/pages\/301\/revisions"}],"predecessor-version":[{"id":755,"href":"https:\/\/airlife.swiss\/de\/wp-json\/wp\/v2\/pages\/301\/revisions\/755"}],"wp:attachment":[{"href":"https:\/\/airlife.swiss\/de\/wp-json\/wp\/v2\/media?parent=301"}],"curies":[{"name":"wp","href":"https:\/\/api.w.org\/{rel}","templated":true}]}}