{"id":294,"date":"2021-08-09T23:41:06","date_gmt":"2021-08-09T20:41:06","guid":{"rendered":"http:\/\/airlife\/?page_id=294"},"modified":"2022-06-03T10:28:10","modified_gmt":"2022-06-03T07:28:10","slug":"privacy-policy","status":"publish","type":"page","link":"https:\/\/airlife.swiss\/de\/privacy-policy\/","title":{"rendered":"Datenschutzerkl\u00e4rung"},"content":{"rendered":"<p>Mit dieser Datenschutzerkl\u00e4rung informieren wir, welche Personendaten wir wof\u00fcr, wie und wo bearbeiten, insbesondere im Zusammenhang mit unserer airlife.swiss-Website und Daten und Informationen, die Nutzer \u00fcber die angegebenen Kontaktm\u00f6glichkeiten (E-Mail, Telefon, Post oder das Kontaktformular) mit uns teilen. Wir informieren mit dieser Datenschutzerkl\u00e4rung ausserdem \u00fcber die Rechte von Personen, deren Daten wir bearbeiten.<\/p>\n<p>F\u00fcr einzelne oder zus\u00e4tzliche Angebote und Leistungen k\u00f6nnen besondere, erg\u00e4nzende oder weitere Datenschutzerkl\u00e4rungen sowie sonstige rechtliche Dokumente wie Allgemeine Gesch\u00e4ftsbedingungen (AGB), Nutzungsbedingungen oder Teilnahmebedingungen gelten.<\/p>\n<p>Unser Angebot unterliegt dem schweizerischen Datenschutzrecht sowie allenfalls anwendbarem ausl\u00e4ndischem Datenschutzrecht wie insbesondere jenem der Europ\u00e4ischen Union (EU) mit der Datenschutz-Grundverordnung (DSGVO). Die Europ\u00e4ische Kommission anerkennt, dass das schweizerische Datenschutzrecht einen angemessenen Datenschutz gew\u00e4hrleistet.<\/p>\n<h1>1. Kontaktadressen<\/h1>\n<p>Verantwortung f\u00fcr die Bearbeitung von Personendaten:<\/p>\n<p>Airlife Swiss AG<br \/>\nDorfstrasse 38, 6340, Baar, Switzerland<br \/>\nSchweiz<\/p>\n<p>info@airlife.swiss<\/p>\n<p>Wir weisen darauf hin, wenn es im Einzelfall andere Verantwortliche f\u00fcr die Bearbeitung von Personendaten gibt.<\/p>\n<h1>2. Bearbeitung von Personendaten<\/h1>\n<h2>2.1 Begriffe<\/h2>\n<p>Personendaten sind alle Angaben, die sich auf eine bestimmte oder bestimmbare Person beziehen. Eine betroffene Person ist eine Person, \u00fcber die Personendaten bearbeitet werden. Bearbeiten umfasst <em>jeden <\/em>Umgang mit Personendaten, <em>unabh\u00e4ngig <\/em>von den angewandten Mitteln und Verfahren, insbesondere das Aufbewahren, Bekanntgeben, Beschaffen, Erheben, L\u00f6schen, Speichern, Ver\u00e4ndern, Vernichten und Verwenden von Personendaten.<\/p>\n<p>Der Europ\u00e4ische Wirtschaftsraum (EWR) umfasst die Europ\u00e4ische Union (EU) sowie das F\u00fcrstentum Liechtenstein, Island und Norwegen. Die Datenschutz-Grundverordnung (DSGVO) bezeichnet die Bearbeitung von Personendaten als Verarbeitung von personenbezogenen Daten.<\/p>\n<h2>2.2 Rechtsgrundlagen<\/h2>\n<p>Wir bearbeiten Personendaten im Einklang mit dem schweizerischen Datenschutzrecht wie insbesondere dem Bundesgesetz \u00fcber den Datenschutz (DSG) und der Verordnung zum Bundesgesetz \u00fcber den Datenschutz (VDSG).<\/p>\n<p>Wir bearbeiten \u2013 sofern und soweit die Datenschutz-Grundverordnung (DSGVO) anwendbar ist \u2013 Personendaten gem\u00e4ss <em>mindestens <\/em>einer der folgenden Rechtsgrundlagen:<\/p>\n<ul>\n<li>Art. 6 Abs. 1 lit. f DSGVO f\u00fcr die erforderliche Bearbeitung von Personendaten, um die berechtigten Interessen von uns oder von Dritten zu wahren, sofern nicht die Grundfreiheiten und Grundrechte sowie Interessen der betroffenen Person \u00fcberwiegen. Berechtigte Interessen sind insbesondere unser Interesse, unser Angebot dauerhaft, nutzerfreundlich, sicher und zuverl\u00e4ssig bereitstellen sowie daf\u00fcr bei Bedarf werben zu k\u00f6nnen, die Bearbeitung und ggf. Archivierung Ihrer Anfragen und Mitteilungen an uns, die Informationssicherheit sowie der Schutz vor Missbrauch und unbefugter Nutzung, die Durchsetzung von eigenen rechtlichen Anspr\u00fcchen und die Einhaltung von schweizerischem Recht.<\/li>\n<li>Art. 6 Abs. 1 lit. a DSGVO f\u00fcr die Bearbeitung von Personendaten mit Einwilligung der betroffenen Person, wo uns diese vorliegt; dies insbesondere, soweit jemand aus eigenem Willen Informationen z.B. \u00fcber die eingangs erw\u00e4hnter Kontaktm\u00f6glichkeiten an uns richtet. Auch wo uns eine Einwilligung vorliegt, st\u00fctzen wir uns erg\u00e4nzend auf andere gesetzliche Grundlagen, soweit diese bestehen.<\/li>\n<\/ul>\n<p>Sollten solche Angaben, die jemand an uns richtet, im Zusammenhang mit der Anbahnung oder Erf\u00fcllung eines Vertrages mit dieser Person oder ihrer Organisation stehen, bearbeiten wir diese Daten auch gem\u00e4ss Art. 6 Abs. 1 lit. b DSGVO f\u00fcr die erforderliche Bearbeitung von Personendaten zur Erf\u00fcllung eines Vertrages mit der betroffenen Person sowie zur Durchf\u00fchrung vorvertraglicher Massnahmen.<\/p>\n<p>Sollten wir im Einzelfall einer Rechtspflicht nach dem Recht eines EWR-Mitgliedsstaates unterliegen, die eine Bearbeitung bestimmter Personendaten erfordert, st\u00fctzt sich diese auf Art. 6 Abs. 1 lit. c DSGVO f\u00fcr die erforderliche Bearbeitung solcher Daten zur Erf\u00fcllung einer solchen rechtlichen Verpflichtung (entsprechendes gilt bei Rechtspflichten nach dem Recht der Schweiz).<\/p>\n<h2>2.3 Art, Umfang und Zweck<\/h2>\n<p>Wir bearbeiten jene Personendaten, die erforderlich sind, um unser Angebot dauerhaft, nutzerfreundlich, sicher und zuverl\u00e4ssig bereitstellen und die an uns gerichteten Anfragen und Informationen intern bearbeiten und ggf. beantworten zu k\u00f6nnen. Solche Personendaten k\u00f6nnen insbesondere in die Kategorien von Bestandes- und Kontaktdaten, Browser- und Ger\u00e4tedaten, Inhaltsdaten, Meta- beziehungsweise Randdaten und Nutzungsdaten, Standortdaten, Verkaufs-, Vertrags- und Zahlungsdaten fallen. Insbesondere kann es sich um die<\/p>\n<p>Wir bearbeiten Personendaten w\u00e4hrend jener Dauer, die f\u00fcr den jeweiligen Zweck beziehungsweise die jeweiligen Zwecke oder gesetzlich erforderlich ist. Personendaten, deren Bearbeitung nicht mehr erforderlich ist, werden anonymisiert oder gel\u00f6scht. An uns gerichtete Anfragen und Informationen k\u00f6nnen bei Bedarf f\u00fcr die Dauer der gesetzlichen Aufbewahrungsfristen oder Verj\u00e4hrungsfristen archiviert bleiben. Personen, deren Daten wir bearbeiten, haben <em>grunds\u00e4tzlich <\/em>ein Recht auf L\u00f6schung, sofern nicht eine Berechtigung zur Bearbeitung entgegensteht.<\/p>\n<p>Von der Einwilligung der betroffenen Person gehen wir insbesondere aus bei Angaben, die eine betroffene Person bei der Kontaktaufnahme \u2013 beispielsweise per Briefpost, E-Mail, Kontaktformular, Social Media oder Telefon \u2013 oder bei der Registrierung f\u00fcr ein Nutzerkonto <em>freiwillig und selbst <\/em>an uns \u00fcbermittelt. Wir k\u00f6nnen solche Angaben beispielsweise in einem Adressbuch oder mit vergleichbaren Hilfsmitteln speichern. Sofern Sie Personendaten \u00fcber Dritte an uns \u00fcbermitteln, sind Sie verpflichtet, den Datenschutz gegen\u00fcber solchen Dritten zu gew\u00e4hrleisten sowie die Richtigkeit solcher Personendaten sicherzustellen. Die Bearbeitung kann zudem aus anderen rechtlichen Gr\u00fcnden zul\u00e4ssig sein, beispielsweise bei der Anbahnung oder Erf\u00fcllung eines Vertrages mit der betroffenen Person, oder gest\u00fctzt auf unsere \u00fcberwiegenden berechtigten Interessen, und weitergehend, soweit die Bearbeitung und ihr Zweck aus den Umst\u00e4nden ersichtlich sind, oder dar\u00fcber vorg\u00e4ngig informiert wurde.<\/p>\n<p>Wir bearbeiten ausserdem Personendaten, die wir bei der Bereitstellung unseres Angebotes erheben, sofern und soweit eine solche Bearbeitung aus rechtlichen Gr\u00fcnden zul\u00e4ssig ist.<\/p>\n<h2>2.4 Bearbeitung von Personendaten durch Dritte, auch im Ausland<\/h2>\n<p>Wir k\u00f6nnen Personendaten durch beauftragte Dritte bearbeiten lassen oder gemeinsam mit Dritten sowie mit Hilfe von Dritten bearbeiten oder an Dritte \u00fcbermitteln. Bei solchen Dritten handelt es sich insbesondere um Anbieter, deren Leistungen wir in Anspruch nehmen. Wir gew\u00e4hrleisten auch bei solchen Dritten einen angemessenen Datenschutz.<\/p>\n<p>Solche Dritte befinden sich <em>grunds\u00e4tzlich <\/em>in der Schweiz sowie im Europ\u00e4ischen Wirtschaftsraum (EWR). Solche Dritte k\u00f6nnen sich auch in anderen L\u00e4ndern befinden, sofern deren Datenschutzrecht nach Einsch\u00e4tzung des Eidgen\u00f6ssischen Datenschutz- und \u00d6ffentlichkeitsbeauftragten (ED\u00d6B) und \u2013 sofern und soweit die Datenschutz-Grundverordnung (DSGVO) anwendbar ist \u2013 nach Einsch\u00e4tzung der Europ\u00e4ischen Kommission einen angemessenen Datenschutz gew\u00e4hrleistet, oder wenn aus anderen Gr\u00fcnden, wie beispielsweise durch eine entsprechende vertragliche Vereinbarung, insbesondere auf Grundlage von Standardvertragsklauseln, oder durch eine entsprechende Zertifizierung, ein angemessener Datenschutz gew\u00e4hrleistet ist. Ausnahmsweise kann sich ein solcher Dritter in einem Land ohne angemessenen Datenschutz befinden, sofern daf\u00fcr die datenschutzrechtlichen Voraussetzungen wie beispielsweise die ausdr\u00fcckliche Einwilligung der betroffenen Person erf\u00fcllt werden.<\/p>\n<h1>3. Rechte von betroffenen Personen<\/h1>\n<p>Betroffene Personen, deren Personendaten wir bearbeiten, verf\u00fcgen \u00fcber die Rechte gem\u00e4ss schweizerischem Datenschutzrecht. Dazu z\u00e4hlen das Recht auf Auskunft sowie das Recht auf Berichtigung, L\u00f6schung oder Sperrung der bearbeiteten Personendaten.<\/p>\n<p>Betroffene Personen, deren Personendaten wir bearbeiten, k\u00f6nnen \u2013 sofern und soweit die Datenschutz- Grundverordnung (DSGVO) anwendbar ist \u2013 unentgeltlich eine Best\u00e4tigung, ob wir ihre Personendaten bearbeiten und, falls ja, Auskunft \u00fcber die Bearbeitung ihrer Personendaten verlangen; sie k\u00f6nnen ferner, wo wir keine entgegenstehende Berechtigung haben, die Bearbeitung ihrer Personendaten einschr\u00e4nken lassen, ihr Recht auf Daten\u00fcbertragbarkeit wahrnehmen sowie ihre Personendaten berichtigen, l\u00f6schen (\u00abRecht auf Vergessen \u00bb), sperren oder vervollst\u00e4ndigen lassen.<\/p>\n<p>Betroffene Personen, deren Personendaten wir bearbeiten, k\u00f6nnen \u2013 sofern und soweit die DSGVO anwendbar ist \u2013 eine erteilte Einwilligung jederzeit mit Wirkung f\u00fcr die Zukunft widerrufen und jederzeit Widerspruch gegen die Bearbeitung ihrer Personendaten erheben.<\/p>\n<p>Betroffene Personen, deren Personendaten wir bearbeiten, verf\u00fcgen \u00fcber ein Beschwerderecht bei einer zust\u00e4ndigen Aufsichtsbeh\u00f6rde. Aufsichtsbeh\u00f6rde f\u00fcr den Datenschutz in der Schweiz ist der Eidgen\u00f6ssische Datenschutz- und \u00d6ffentlichkeitsbeauftragte (ED\u00d6B).<\/p>\n<h1>4. Datensicherheit<\/h1>\n<p>Wir treffen angemessene sowie geeignete technische und organisatorische Massnahmen, um den Datenschutz und insbesondere die Datensicherheit zu gew\u00e4hrleisten. Allerdings kann die Bearbeitung von Personendaten im Internet trotz solcher Massnahmen immer Sicherheitsl\u00fccken aufweisen. Wir k\u00f6nnen deshalb keine absolute Datensicherheit gew\u00e4hrleisten.<\/p>\n<p>Der Zugriff auf unser Online-Angebot erfolgt mittels Transportverschl\u00fcsselung (SSL \/ TLS, insbesondere mit dem Hypertext Transfer Protocol Secure, abgek\u00fcrzt HTTPS). Die meisten Browser kennzeichnen Transportverschl\u00fcsselung mit einem Vorh\u00e4ngeschloss in der Adressleiste.<\/p>\n<p>Darauf, ob und wie Sicherheitsbeh\u00f6rden und andere Akteure mit \u00fcberlegenen technischen Mitteln Zugriff auf unser Online-Angebot und die damit entstehenden Datenspuren nehmen k\u00f6nnen, haben wie so wenig Einfluss, wie jeder andere Betreiber einer Website.<\/p>\n<h1>5. Nutzung der Website<\/h1>\n<h2>5.1 Cookies<\/h2>\n<p>Wir k\u00f6nnen Cookies f\u00fcr unsere Website verwenden. Bei Cookies \u2013 bei eigenen Cookies (First- Party-Cookies) als auch bei Cookies von Dritten, deren Dienste wir verwenden (Cookies von Dritten beziehungsweise Third-Party-Cookies) \u2013 handelt es sich um Daten, die in Ihrem Browser gespeichert werden. Solche gespeicherten Daten m\u00fcssen nicht auf traditionelle Cookies in Textform beschr\u00e4nkt sein. Cookies k\u00f6nnen keine Programme ausf\u00fchren oder Schadsoftware wie Trojaner und Viren \u00fcbertragen.<\/p>\n<p>Cookies k\u00f6nnen beim Besuch unserer Website in Ihrem Browser tempor\u00e4r als \u00abSession Cookies \u00bb oder f\u00fcr einen bestimmten Zeitraum als sogenannte permanente Cookies gespeichert werden. \u00abSession Cookies\u00bb werden automatisch gel\u00f6scht, wenn Sie Ihren Browser schliessen. Permanente Cookies haben eine bestimmte Speicherdauer. Sie erm\u00f6glichen insbesondere, Ihren Browser beim n\u00e4chsten Besuch unsererWebsite wiederzuerkennen und dadurch beispielsweise die Reichweite unserer Website zu messen. Permanente Cookies k\u00f6nnen aber beispielsweise auch f\u00fcr Online-Marketing verwendet werden.<\/p>\n<p>Sie k\u00f6nnen Cookies in Ihren Browser-Einstellungen jederzeit ganz oder teilweise deaktivieren sowie l\u00f6schen. Ohne Cookies steht unsere Website allenfalls nicht mehr in vollem Umfang zur Verf\u00fcgung. Wir ersuchen Sie \u2013 sofern und soweit erforderlich \u2013 aktiv um Ihre ausdr\u00fcckliche Einwilligung f\u00fcr die Verwendung von Cookies.<\/p>\n<p>Bei Cookies, die f\u00fcr die Erfolgs- und Reichweitenmessung oder f\u00fcr Werbung verwendet werden, ist f\u00fcr zahlreiche Dienste ein allgemeiner Widerspruch (\u00abOpt-out\u00bb) \u00fcber die Network Advertising Initiative (NAI), YourAdChoices (Digital Advertising Alliance) oder Your Online Choices (European Interactive Digital Advertising Alliance, EDAA) m\u00f6glich.<\/p>\n<h2>5.2 Server-Logdateien<\/h2>\n<p>Wir k\u00f6nnen f\u00fcr jeden Zugriff auf unsere Website nachfolgende Angaben erfassen, sofern diese von Ihrem Browser an unsere Server-Infrastruktur \u00fcbermittelt werden oder von unserem Webserver ermittelt werden k\u00f6nnen: Datum und Zeit einschliesslich Zeitzone, Internet Protocol (IP)-Adresse, Zugriffsstatus (HTTP-Statuscode), Betriebssystem einschliesslich Benutzeroberfl\u00e4che und Version, Browser einschliesslich Sprache und Version, aufgerufene einzelne Unter- Seite unserer Website einschliesslich \u00fcbertragener Datenmenge, zuletzt im gleichen Browser- Fenster aufgerufene Webseite (sogenannte Referrer-Seite).<\/p>\n<p>Wir speichern solche Angaben, die auch Personendaten darstellen k\u00f6nnen, in Server-Logdateien. Die Angaben sind erforderlich, um unser Online-Angebot dauerhaft, nutzerfreundlich und zuverl\u00e4ssig bereitstellen sowie um die Datensicherheit und damit insbesondere den Schutz von Personendaten sicherstellen zu k\u00f6nnen \u2013 auch durch Dritte oder mit Hilfe von Dritten.<\/p>\n<h2>5.3 Z\u00e4hlpixel<\/h2>\n<p>Wir k\u00f6nnen Z\u00e4hlpixel auf unsererWebsite verwenden. Z\u00e4hlpixel werden auch alsWeb-Beacons bezeichnet. Bei Z\u00e4hlpixeln \u2013 auch von Dritten, deren Dienste wir verwenden \u2013 handelt es sich um kleine, \u00fcblicherweise nicht sichtbare Bilder, die beim Besuch unserer Website automatisch abgerufen werden. Mit Z\u00e4hlpixeln k\u00f6nnen die gleichen Angaben wie in Server-Logdateien erfasst werden.<\/p>\n<h1>6. Dienste von Dritten<\/h1>\n<p>Wir verwenden Dienste von Dritten, um unser Angebot dauerhaft, nutzerfreundlich, sicher und zuverl\u00e4ssig bereitstellen zu k\u00f6nnen. Solche Dienste k\u00f6nnen auch dazu dienen, Inhalte in unsere Website einbetten zu k\u00f6nnen. Solche Dienste \u2013 beispielsweise Hosting- und Speicherdienste, Video-Dienste und Zahlungsdienste \u2013 ben\u00f6tigen Ihre Internet Protocol (IP)-Adresse, da solche Dienste die entsprechenden Inhalte ansonsten nicht \u00fcbermitteln k\u00f6nnen.<\/p>\n<p>F\u00fcr ihre eigenen sicherheitsrelevanten, statistischen und technischen Zwecke k\u00f6nnen Dritte, deren Dienste wir verwenden, auch Daten im Zusammenhang mit unserem Angebot sowie aus anderen Quellen \u2013 unter anderem mit Cookies, Logdateien und Z\u00e4hlpixeln \u2013 aggregiert, anonymisiert oder pseudonymisiert bearbeiten.<\/p>\n<p>Wir verwenden namentlich \u00a0Dienste von Google (darunter die nachfolgend erw\u00e4hnten Dienstze f\u00fcr audiovisuelle Medien und Messung): Anbieterinnen sind Google LLC (USA) \/ Google Ireland Limited (Irland) f\u00fcr Nutzerinnen und Nutzer im Europ\u00e4ischen Wirtschaftsraum (EWR) und in der Schweiz; Allgemeine Angaben zum Datenschutz: \u00abGrunds\u00e4tze zu Datenschutz und Sicherheit\u00bb, Datenschutzerkl\u00e4rung, \u00abGoogle ist der Einhaltung der anwendbaren Datenschutzgesetze verpflichtet \u00bb, \u00abLeitfaden zum Datenschutz in Google-Produkten\u00bb, \u00abWie wir Daten von Websites oder Apps verwenden, auf beziehungsweise in denen unsere Dienste genutzt werden\u00bb (Angaben von Google), \u00abSo verwendet Google Cookies\u00bb, \u00abPersonalisierte Werbung\u00bb (Aktivierung \/ Deaktivierung \/ Einstellungen).<\/p>\n<h2>6.2 Audiovisuelle Medien<\/h2>\n<p>Wir verwenden YouTube, einen von Google erbrachten Dienst, um das direkte Abspielen von audiovisuellen Medien (Videos) auf unserer Website zu erm\u00f6glichen. YouTube-spezifische Angaben zum Datenschutz: \u00abDatenschutz- und Sicherheitscenter\u00bb, \u00abMeine Daten auf YouTube\u00bb.<\/p>\n<h2>6.3 Schriftarten<\/h2>\n<p>Wir verwenden Dienste von Dritten, um ausgew\u00e4hlte Schriftarten sowie Icons, Logos und Symbole in unsere Website einbetten zu k\u00f6nnen.<\/p>\n<h2>6.1 Digitale Infrastruktur<\/h2>\n<p>Wir verwenden Dienste von Dritten, um ben\u00f6tigte digitale Infrastruktur f\u00fcr unser Angebot in Anspruch nehmen zu k\u00f6nnen. Dazu z\u00e4hlen beispielsweise Hosting- und Speicherdienste von spezialisierten Anbietern.<\/p>\n<p>Unter anderem werden unsere Website und die damit erhobenen Daten von einem externen Hosting-Anbieter [\u25a0und auf dessen Servern in der Schweiz] gehostet; derzeit ist dies Novatrend Services GmbH, Bahnhofstrasse 18, 6340 Baar. \u25a0Mit diesem Anbieter besteht eine Vereinbarung, die die rechtskonforme Datenbearbeitung gew\u00e4hrleistet.<\/p>\n<h1>7. Erfolgs- und Reichweitenmessung<\/h1>\n<p>Wir verwenden Dienste und Programme, um zu ermitteln, wie unser Online-Angebot genutzt wird. In diesem Rahmen k\u00f6nnen wir zum Beispiel den Erfolg und die Reichweite unseres Online- Angebotes sowie die Wirkung von Verlinkungen Dritter auf unsere Website messen. Wir k\u00f6nnen aber beispielsweise auch ausprobieren und vergleichen, wie unterschiedliche Versionen unseres Online-Angebotes oder Teile unseres Online-Angebotes genutzt werden (\u00abA\/B-Test\u00bb- Methode). Aufgrund der Ergebnisse der Erfolgs- und Reichweitenmessung k\u00f6nnen wir insbesondere Fehler beheben, besonders gefragte Inhalte st\u00e4rken oder Verbesserungen an unserem Online-Angebot vornehmen.<\/p>\n<p>Bei der Verwendung von Diensten und Programmen f\u00fcr die Erfolgs- und Reichweitenmessung m\u00fcssen die Internet Protocol (IP)-Adressen von einzelnen Nutzerinnen und Nutzern gespeichert werden. IP-Adressen werden <em>grunds\u00e4tzlich <\/em>gek\u00fcrzt, um durch die entsprechende Pseudonymisierung dem Grundsatz der Datensparsamkeit zu folgen sowie den Datenschutz der Besucherinnen und Besucher unserer Website zu verbessern (\u00abIP-Masking\u00bb).<\/p>\n<p>Bei der Verwendung von Diensten und Programmen f\u00fcr die Erfolgs- und Reichweitenmessung k\u00f6nnen Cookies zum Einsatz kommen und Nutzerprofile erstellt werden. Nutzerprofile umfassen beispielsweise die besuchten Seiten oder betrachteten Inhalte auf unserer Website, Angaben zur Gr\u00f6sse von Bildschirm oder Browser-Fenster und den \u2013 zumindest ungef\u00e4hren \u2013 Standort. <em>Grunds\u00e4tzlich <\/em>werden Nutzerprofile ausschliesslich pseudonymisiert erstellt. Wir verwenden Nutzerprofile nicht f\u00fcr die Identifizierung einzelner Besucherinnen und Besucher unserer Website. Einzelne Dienste, bei denen Sie als Nutzerin oder Nutzer angemeldet sind, k\u00f6nnen die Nutzung unseres Online-Angebotes allenfalls Ihrem Profil beim jeweiligen Dienst zuordnen, wobei Sie daf\u00fcr \u00fcblicherweise vorg\u00e4ngig Ihre Einwilligung in diese Zuordnung erteilen mussten.<\/p>\n<p>Wir verwenden insbesondere Google Analytics: Erfolgs- und Reichweitenmessung; Google Analytics-spezifische Angaben zum Datenschutz: Messung auch \u00fcber verschiedene Browser und Ger\u00e4te hinweg (Cross-Device Tracking) sowie mit pseudonymisierten Internet Protocol (IP)-Adressen, die nur <em>ausnahmsweise <\/em>vollst\u00e4ndig an Google in den USA \u00fcbertragen werden, \u00abDatenschutz\u00bb, \u00abBrowser Add-on zur Deaktivierung von Google Analytics\u00bb.<\/p>\n<h1>8. Schlussbestimmungen<\/h1>\n<p>Wir haben diese Datenschutzerkl\u00e4rung teilweise mit dem Datenschutz-Generator von Datenschutzpartner erstellt.<\/p>\n<p>Wir k\u00f6nnen diese Datenschutzerkl\u00e4rung jederzeit anpassen und erg\u00e4nzen. Wir werden \u00fcber solche Anpassungen und Erg\u00e4nzungen in geeigneter Form informieren, insbesondere durch Ver\u00f6ffentlichung der jeweils aktuellen Datenschutzerkl\u00e4rung auf unserer Website.<\/p>\n","protected":false},"excerpt":{"rendered":"<p>Mit dieser Datenschutzerkl\u00e4rung informieren wir, welche Personendaten wir wof\u00fcr, wie und wo bearbeiten, insbesondere im Zusammenhang mit unserer airlife.swiss-Website und Daten und Informationen, die Nutzer \u00fcber die angegebenen Kontaktm\u00f6glichkeiten (E-Mail, Telefon, Post oder das Kontaktformular) mit uns teilen. Wir informieren mit dieser Datenschutzerkl\u00e4rung ausserdem \u00fcber die Rechte von Personen, deren Daten wir bearbeiten. F\u00fcr einzelne oder zus\u00e4tzliche Angebote und Leistungen k\u00f6nnen besondere, erg\u00e4nzende oder weitere [&hellip;]<\/p>\n","protected":false},"author":1,"featured_media":0,"parent":0,"menu_order":0,"comment_status":"closed","ping_status":"closed","template":"template-page.php","meta":{"footnotes":""},"class_list":["post-294","page","type-page","status-publish","hentry"],"translation":{"provider":"WPGlobus","version":"2.8.1","language":"de","enabled_languages":["en","de","fr","it"],"languages":{"en":{"title":true,"content":true,"excerpt":false},"de":{"title":true,"content":true,"excerpt":false},"fr":{"title":true,"content":true,"excerpt":false},"it":{"title":true,"content":true,"excerpt":false}}},"yoast_head":"<!-- This site is optimized with the Yoast SEO plugin v18.1 - https:\/\/yoast.com\/wordpress\/plugins\/seo\/ -->\n<title>Datenschutzerkl\u00e4rung - AIRLIFE<\/title>\n<meta name=\"robots\" content=\"index, follow, max-snippet:-1, max-image-preview:large, max-video-preview:-1\" \/>\n<link rel=\"canonical\" href=\"https:\/\/airlife.swiss\/it\/privacy-policy\/\" \/>\n<meta property=\"og:locale\" content=\"de_DE\" \/>\n<meta property=\"og:type\" content=\"article\" \/>\n<meta property=\"og:title\" content=\"Datenschutzerkl\u00e4rung - AIRLIFE\" \/>\n<meta property=\"og:url\" content=\"https:\/\/airlife.swiss\/it\/privacy-policy\/\" \/>\n<meta property=\"og:site_name\" content=\"AIRLIFE\" \/>\n<meta property=\"article:modified_time\" content=\"2022-06-03T07:28:10+00:00\" \/>\n<meta name=\"twitter:card\" content=\"summary_large_image\" \/>\n<meta name=\"twitter:label1\" content=\"Gesch\u00e4tzte Lesezeit\" \/>\n\t<meta name=\"twitter:data1\" content=\"13\u00a0Minuten\" \/>\n<script type=\"application\/ld+json\" class=\"yoast-schema-graph\">{\"@context\":\"https:\/\/schema.org\",\"@graph\":[{\"@type\":\"WebSite\",\"@id\":\"https:\/\/airlife.swiss\/#website\",\"url\":\"https:\/\/airlife.swiss\/\",\"name\":\"AIRLIFE\",\"description\":\"AIRLIFE\",\"inLanguage\":\"de\"},{\"@type\":\"WebPage\",\"@id\":\"https:\/\/airlife.swiss\/it\/privacy-policy\/#webpage\",\"url\":\"https:\/\/airlife.swiss\/it\/privacy-policy\/\",\"name\":\"Datenschutzerkl\u00e4rung - AIRLIFE\",\"isPartOf\":{\"@id\":\"https:\/\/airlife.swiss\/#website\"},\"datePublished\":\"2021-08-09T20:41:06+00:00\",\"dateModified\":\"2022-06-03T07:28:10+00:00\",\"breadcrumb\":{\"@id\":\"https:\/\/airlife.swiss\/it\/privacy-policy\/#breadcrumb\"},\"inLanguage\":\"de\",\"potentialAction\":[{\"@type\":\"ReadAction\",\"target\":[\"https:\/\/airlife.swiss\/it\/privacy-policy\/\"]}]},{\"@type\":\"BreadcrumbList\",\"@id\":\"https:\/\/airlife.swiss\/it\/privacy-policy\/#breadcrumb\",\"itemListElement\":[{\"@type\":\"ListItem\",\"position\":1,\"name\":\"\u0413\u043b\u0430\u0432\u043d\u0430\u044f \u0441\u0442\u0440\u0430\u043d\u0438\u0446\u0430\",\"item\":\"https:\/\/airlife.swiss\/\"},{\"@type\":\"ListItem\",\"position\":2,\"name\":\"Politica sulla riservatezza\"}]}]}<\/script>\n<!-- \/ Yoast SEO plugin. -->","yoast_head_json":{"title":"Datenschutzerkl\u00e4rung - AIRLIFE","robots":{"index":"index","follow":"follow","max-snippet":"max-snippet:-1","max-image-preview":"max-image-preview:large","max-video-preview":"max-video-preview:-1"},"canonical":"https:\/\/airlife.swiss\/it\/privacy-policy\/","og_locale":"de_DE","og_type":"article","og_title":"Datenschutzerkl\u00e4rung - AIRLIFE","og_url":"https:\/\/airlife.swiss\/it\/privacy-policy\/","og_site_name":"AIRLIFE","article_modified_time":"2022-06-03T07:28:10+00:00","twitter_card":"summary_large_image","twitter_misc":{"Gesch\u00e4tzte Lesezeit":"13\u00a0Minuten"},"schema":{"@context":"https:\/\/schema.org","@graph":[{"@type":"WebSite","@id":"https:\/\/airlife.swiss\/#website","url":"https:\/\/airlife.swiss\/","name":"AIRLIFE","description":"AIRLIFE","inLanguage":"de"},{"@type":"WebPage","@id":"https:\/\/airlife.swiss\/it\/privacy-policy\/#webpage","url":"https:\/\/airlife.swiss\/it\/privacy-policy\/","name":"Datenschutzerkl\u00e4rung - AIRLIFE","isPartOf":{"@id":"https:\/\/airlife.swiss\/#website"},"datePublished":"2021-08-09T20:41:06+00:00","dateModified":"2022-06-03T07:28:10+00:00","breadcrumb":{"@id":"https:\/\/airlife.swiss\/it\/privacy-policy\/#breadcrumb"},"inLanguage":"de","potentialAction":[{"@type":"ReadAction","target":["https:\/\/airlife.swiss\/it\/privacy-policy\/"]}]},{"@type":"BreadcrumbList","@id":"https:\/\/airlife.swiss\/it\/privacy-policy\/#breadcrumb","itemListElement":[{"@type":"ListItem","position":1,"name":"\u0413\u043b\u0430\u0432\u043d\u0430\u044f \u0441\u0442\u0440\u0430\u043d\u0438\u0446\u0430","item":"https:\/\/airlife.swiss\/"},{"@type":"ListItem","position":2,"name":"Politica sulla riservatezza"}]}]}},"_links":{"self":[{"href":"https:\/\/airlife.swiss\/de\/wp-json\/wp\/v2\/pages\/294","targetHints":{"allow":["GET"]}}],"collection":[{"href":"https:\/\/airlife.swiss\/de\/wp-json\/wp\/v2\/pages"}],"about":[{"href":"https:\/\/airlife.swiss\/de\/wp-json\/wp\/v2\/types\/page"}],"author":[{"embeddable":true,"href":"https:\/\/airlife.swiss\/de\/wp-json\/wp\/v2\/users\/1"}],"replies":[{"embeddable":true,"href":"https:\/\/airlife.swiss\/de\/wp-json\/wp\/v2\/comments?post=294"}],"version-history":[{"count":15,"href":"https:\/\/airlife.swiss\/de\/wp-json\/wp\/v2\/pages\/294\/revisions"}],"predecessor-version":[{"id":797,"href":"https:\/\/airlife.swiss\/de\/wp-json\/wp\/v2\/pages\/294\/revisions\/797"}],"wp:attachment":[{"href":"https:\/\/airlife.swiss\/de\/wp-json\/wp\/v2\/media?parent=294"}],"curies":[{"name":"wp","href":"https:\/\/api.w.org\/{rel}","templated":true}]}}